{"id":642,"date":"2021-01-06T10:45:26","date_gmt":"2021-01-06T10:45:26","guid":{"rendered":"https:\/\/www.chamonix-hotel.fr\/produit\/odalys-isatis-prestige-residence\/"},"modified":"2025-11-03T23:33:25","modified_gmt":"2025-11-03T23:33:25","slug":"odalys-isatis-prestige-residence","status":"publish","type":"product","link":"https:\/\/www.chamonix-hotel.fr\/en\/produit\/odalys-isatis-prestige-residence\/","title":{"rendered":"Odalys Isatis prestige residence"},"content":{"rendered":"<p><strong>Rooms:<\/strong><br \/>\nComfort is the watchword at the Odalys Isatis prestige residence, to make sure you are well looked after.<br \/>\nThis establishment is designed to welcome groups of friends or families. It is possible to book small apartments for 2, as well as apartments for up to 6 or 7 people. <strong>Meals \/ Catering:<\/strong><br \/>\nEach apartment is equipped with a small kitchen for lunch or dinner. If you&#8217;re having a sporty day, you&#8217;ll be in good spirits when you meet up in the breakfast room, either on your own or with other guests. Breakfast is available on request, so you can recharge your batteries before a day&#8217;s skiing or hiking. <strong>Hotel services &#8211; facilities:<\/strong><br \/>\nAfter a day of skiing or extreme sports, take advantage of the SPA area. A sensory shower, hammam or sauna will do you a world of good. You can swim all year round in the indoor pool. In summer, an outdoor pool is also available.<br \/>\nIf you still need a dose of sport, the swimming pool and gym will delight you. <\/p>\n<p><strong>Why choose the Odalys Isatis residence?  <\/strong><\/p>\n<ul>\n<li>Close to ski slopes (Domaine de la Fl\u00e9g\u00e8re) and golf course<\/li>\n<li>SPA area<\/li>\n<li>Facilities: indoor pool \/ outdoor pool \/ gym<\/li>\n<li>Value for money<\/li>\n<\/ul>\n<p><strong>Address \/ location Odalys Chamonix<\/strong><\/p>\n<ul>\n<li><span class=\" hp_address_subtitle js-hp_address_subtitle jq_tooltip \" tabindex=\"0\" title=\"\" data-source=\"top_link\" data-coords=\",\" data-component=\"tooltip\" data-tooltip-text=\"  Une fois votre r\u00e9servation effectu\u00e9e, toutes les informations sur l'\u00e9tablissement, y compris le num\u00e9ro de t\u00e9l\u00e9phone et l'adresse, seront disponibles sur votre confirmation de r\u00e9servation ainsi que dans votre compte.  \" data-tooltip-animation=\"false\" data-bbox=\"6.874325859113,45.9340467626775,6.92610086245988,45.9699775958237\" data-node_tt_id=\"location_score_tooltip\" data-width=\"350\" aria-describedby=\"tooltip-1\">Odalys 25 Chemin de Saint Roch, Les Tines, 74400 Chamonix<\/span><\/li>\n<li>The Odalys residence is located in the Tines district. You can reach Chamonix town center in 5 minutes by car (distance 5 km). The Fl\u00e9g\u00e8re\/Br\u00e9vent ski area is close by (distance 2 km).  <\/li>\n<\/ul>\n","protected":false},"excerpt":{"rendered":"<p>The Prestige Odalys residence is the ideal place in Chamonix for a t\u00eate a t\u00eate with Mont Blanc, with family or friends! You&#8217;ll be seduced by its wood and stone architecture, its full range of facilities (SPA, swimming pools, gym) and its proximity to ski lifts. With spacious apartments for up to 7 people, it&#8217;s the ideal choice for groups or families. You&#8217;ll be immersed in the very heart of the mountain world.<\/p>\n","protected":false},"featured_media":503,"comment_status":"open","ping_status":"closed","template":"","meta":{"site-sidebar-layout":"default","site-content-layout":"default","ast-site-content-layout":"default","site-content-style":"default","site-sidebar-style":"default","ast-global-header-display":"","ast-banner-title-visibility":"","ast-main-header-display":"","ast-hfb-above-header-display":"","ast-hfb-below-header-display":"","ast-hfb-mobile-header-display":"","site-post-title":"","ast-breadcrumbs-content":"","ast-featured-img":"","footer-sml-layout":"","ast-disable-related-posts":"","theme-transparent-header-meta":"default","adv-header-id-meta":"","stick-header-meta":"","header-above-stick-meta":"","header-main-stick-meta":"","header-below-stick-meta":"","astra-migrate-meta-layouts":"default","ast-page-background-enabled":"default","ast-page-background-meta":{"desktop":{"background-color":"var(--ast-global-color-4)","background-image":"","background-repeat":"repeat","background-position":"center center","background-size":"auto","background-attachment":"scroll","background-type":"","background-media":"","overlay-type":"","overlay-color":"","overlay-opacity":"","overlay-gradient":""},"tablet":{"background-color":"","background-image":"","background-repeat":"repeat","background-position":"center center","background-size":"auto","background-attachment":"scroll","background-type":"","background-media":"","overlay-type":"","overlay-color":"","overlay-opacity":"","overlay-gradient":""},"mobile":{"background-color":"","background-image":"","background-repeat":"repeat","background-position":"center center","background-size":"auto","background-attachment":"scroll","background-type":"","background-media":"","overlay-type":"","overlay-color":"","overlay-opacity":"","overlay-gradient":""}},"ast-content-background-meta":{"desktop":{"background-color":"var(--ast-global-color-5)","background-image":"","background-repeat":"repeat","background-position":"center center","background-size":"auto","background-attachment":"scroll","background-type":"","background-media":"","overlay-type":"","overlay-color":"","overlay-opacity":"","overlay-gradient":""},"tablet":{"background-color":"var(--ast-global-color-5)","background-image":"","background-repeat":"repeat","background-position":"center center","background-size":"auto","background-attachment":"scroll","background-type":"","background-media":"","overlay-type":"","overlay-color":"","overlay-opacity":"","overlay-gradient":""},"mobile":{"background-color":"var(--ast-global-color-5)","background-image":"","background-repeat":"repeat","background-position":"center center","background-size":"auto","background-attachment":"scroll","background-type":"","background-media":"","overlay-type":"","overlay-color":"","overlay-opacity":"","overlay-gradient":""}}},"product_brand":[],"product_cat":[64],"product_tag":[],"class_list":{"0":"post-642","1":"product","2":"type-product","3":"status-publish","4":"has-post-thumbnail","6":"product_cat-4star-hotel","7":"pa_nombre-etoiles-4-stars","8":"pa_piscine-ext-hotel-with-outdoor-swimming-pool","9":"pa_piscine-int-chamonix-hotel-with-indoor-pool","10":"pa_quartier-hotel-les-praz","11":"pa_spa-hotel-chamonix-with-spa","12":"desktop-align-left","13":"tablet-align-left","14":"mobile-align-left","15":"ast-product-gallery-layout-horizontal-slider","16":"ast-product-gallery-with-no-image","17":"ast-product-tabs-layout-horizontal","19":"first","20":"instock","21":"shipping-taxable","22":"product-type-external"},"yoast_head":"<!-- This site is optimized with the Yoast SEO plugin v27.5 - https:\/\/yoast.com\/product\/yoast-seo-wordpress\/ -->\n<title>Residence Odalys Chamonix, hotel odalys SPA Isatis Chamonix<\/title>\n<meta name=\"robots\" content=\"index, follow, max-snippet:-1, max-image-preview:large, max-video-preview:-1\" \/>\n<link rel=\"canonical\" href=\"https:\/\/www.chamonix-hotel.fr\/en\/produit\/odalys-isatis-prestige-residence\/\" \/>\n<meta property=\"og:locale\" content=\"en_US\" \/>\n<meta property=\"og:type\" content=\"article\" \/>\n<meta property=\"og:title\" content=\"Residence Odalys Chamonix, hotel odalys SPA Isatis Chamonix\" \/>\n<meta property=\"og:description\" content=\"The Prestige Odalys residence is the ideal place in Chamonix for a t\u00eate a t\u00eate with Mont Blanc, with family or friends! You&#039;ll be seduced by its wood and stone architecture, its full range of facilities (SPA, swimming pools, gym) and its proximity to ski lifts. With spacious apartments for up to 7 people, it&#039;s the ideal choice for groups or families. You&#039;ll be immersed in the very heart of the mountain world.\" \/>\n<meta property=\"og:url\" content=\"https:\/\/www.chamonix-hotel.fr\/en\/produit\/odalys-isatis-prestige-residence\/\" \/>\n<meta property=\"og:site_name\" content=\"Chamonix H\u00f4tel\" \/>\n<meta property=\"article:modified_time\" content=\"2025-11-03T23:33:25+00:00\" \/>\n<meta property=\"og:image\" content=\"https:\/\/www.chamonix-hotel.fr\/wp-content\/uploads\/2021\/01\/odalys.jpg\" \/>\n\t<meta property=\"og:image:width\" content=\"1024\" \/>\n\t<meta property=\"og:image:height\" content=\"683\" \/>\n\t<meta property=\"og:image:type\" content=\"image\/jpeg\" \/>\n<meta name=\"twitter:card\" content=\"summary_large_image\" \/>\n<meta name=\"twitter:label1\" content=\"Est. reading time\" \/>\n\t<meta name=\"twitter:data1\" content=\"1 minute\" \/>\n<script type=\"application\/ld+json\" class=\"yoast-schema-graph\">{\"@context\":\"https:\\\/\\\/schema.org\",\"@graph\":[{\"@type\":\"WebPage\",\"@id\":\"https:\\\/\\\/www.chamonix-hotel.fr\\\/en\\\/produit\\\/odalys-isatis-prestige-residence\\\/\",\"url\":\"https:\\\/\\\/www.chamonix-hotel.fr\\\/en\\\/produit\\\/odalys-isatis-prestige-residence\\\/\",\"name\":\"Residence Odalys Chamonix, hotel odalys SPA Isatis Chamonix\",\"isPartOf\":{\"@id\":\"https:\\\/\\\/www.chamonix-hotel.fr\\\/en\\\/#website\"},\"primaryImageOfPage\":{\"@id\":\"https:\\\/\\\/www.chamonix-hotel.fr\\\/en\\\/produit\\\/odalys-isatis-prestige-residence\\\/#primaryimage\"},\"image\":{\"@id\":\"https:\\\/\\\/www.chamonix-hotel.fr\\\/en\\\/produit\\\/odalys-isatis-prestige-residence\\\/#primaryimage\"},\"thumbnailUrl\":\"https:\\\/\\\/www.chamonix-hotel.fr\\\/wp-content\\\/uploads\\\/2021\\\/01\\\/odalys.jpg\",\"datePublished\":\"2021-01-06T10:45:26+00:00\",\"dateModified\":\"2025-11-03T23:33:25+00:00\",\"breadcrumb\":{\"@id\":\"https:\\\/\\\/www.chamonix-hotel.fr\\\/en\\\/produit\\\/odalys-isatis-prestige-residence\\\/#breadcrumb\"},\"inLanguage\":\"en-US\",\"potentialAction\":[{\"@type\":\"ReadAction\",\"target\":[\"https:\\\/\\\/www.chamonix-hotel.fr\\\/en\\\/produit\\\/odalys-isatis-prestige-residence\\\/\"]}]},{\"@type\":\"ImageObject\",\"inLanguage\":\"en-US\",\"@id\":\"https:\\\/\\\/www.chamonix-hotel.fr\\\/en\\\/produit\\\/odalys-isatis-prestige-residence\\\/#primaryimage\",\"url\":\"https:\\\/\\\/www.chamonix-hotel.fr\\\/wp-content\\\/uploads\\\/2021\\\/01\\\/odalys.jpg\",\"contentUrl\":\"https:\\\/\\\/www.chamonix-hotel.fr\\\/wp-content\\\/uploads\\\/2021\\\/01\\\/odalys.jpg\",\"width\":1024,\"height\":683,\"caption\":\"Odalys Chamonix\"},{\"@type\":\"BreadcrumbList\",\"@id\":\"https:\\\/\\\/www.chamonix-hotel.fr\\\/en\\\/produit\\\/odalys-isatis-prestige-residence\\\/#breadcrumb\",\"itemListElement\":[{\"@type\":\"ListItem\",\"position\":1,\"name\":\"Accueil\",\"item\":\"https:\\\/\\\/www.chamonix-hotel.fr\\\/en\\\/find-a-hotel-in-chamonix-mont-blanc\\\/\"},{\"@type\":\"ListItem\",\"position\":2,\"name\":\"Shop\",\"item\":\"https:\\\/\\\/www.chamonix-hotel.fr\\\/en\\\/shop\\\/\"},{\"@type\":\"ListItem\",\"position\":3,\"name\":\"Odalys Isatis prestige residence\"}]},{\"@type\":\"WebSite\",\"@id\":\"https:\\\/\\\/www.chamonix-hotel.fr\\\/en\\\/#website\",\"url\":\"https:\\\/\\\/www.chamonix-hotel.fr\\\/en\\\/\",\"name\":\"Chamonix H\u00f4tel\",\"description\":\"Dormez face au Mont Blanc\",\"publisher\":{\"@id\":\"https:\\\/\\\/www.chamonix-hotel.fr\\\/en\\\/#organization\"},\"potentialAction\":[{\"@type\":\"SearchAction\",\"target\":{\"@type\":\"EntryPoint\",\"urlTemplate\":\"https:\\\/\\\/www.chamonix-hotel.fr\\\/en\\\/?s={search_term_string}\"},\"query-input\":{\"@type\":\"PropertyValueSpecification\",\"valueRequired\":true,\"valueName\":\"search_term_string\"}}],\"inLanguage\":\"en-US\"},{\"@type\":\"Organization\",\"@id\":\"https:\\\/\\\/www.chamonix-hotel.fr\\\/en\\\/#organization\",\"name\":\"Chamonix Hotel\",\"url\":\"https:\\\/\\\/www.chamonix-hotel.fr\\\/en\\\/\",\"logo\":{\"@type\":\"ImageObject\",\"inLanguage\":\"en-US\",\"@id\":\"https:\\\/\\\/www.chamonix-hotel.fr\\\/en\\\/#\\\/schema\\\/logo\\\/image\\\/\",\"url\":\"https:\\\/\\\/www.chamonix-hotel.fr\\\/wp-content\\\/uploads\\\/2020\\\/11\\\/logo2.jpg\",\"contentUrl\":\"https:\\\/\\\/www.chamonix-hotel.fr\\\/wp-content\\\/uploads\\\/2020\\\/11\\\/logo2.jpg\",\"width\":400,\"height\":224,\"caption\":\"Chamonix Hotel\"},\"image\":{\"@id\":\"https:\\\/\\\/www.chamonix-hotel.fr\\\/en\\\/#\\\/schema\\\/logo\\\/image\\\/\"}}]}<\/script>\n<!-- \/ Yoast SEO plugin. -->","yoast_head_json":{"title":"Residence Odalys Chamonix, hotel odalys SPA Isatis Chamonix","robots":{"index":"index","follow":"follow","max-snippet":"max-snippet:-1","max-image-preview":"max-image-preview:large","max-video-preview":"max-video-preview:-1"},"canonical":"https:\/\/www.chamonix-hotel.fr\/en\/produit\/odalys-isatis-prestige-residence\/","og_locale":"en_US","og_type":"article","og_title":"Residence Odalys Chamonix, hotel odalys SPA Isatis Chamonix","og_description":"The Prestige Odalys residence is the ideal place in Chamonix for a t\u00eate a t\u00eate with Mont Blanc, with family or friends! You'll be seduced by its wood and stone architecture, its full range of facilities (SPA, swimming pools, gym) and its proximity to ski lifts. With spacious apartments for up to 7 people, it's the ideal choice for groups or families. You'll be immersed in the very heart of the mountain world.","og_url":"https:\/\/www.chamonix-hotel.fr\/en\/produit\/odalys-isatis-prestige-residence\/","og_site_name":"Chamonix H\u00f4tel","article_modified_time":"2025-11-03T23:33:25+00:00","og_image":[{"width":1024,"height":683,"url":"https:\/\/www.chamonix-hotel.fr\/wp-content\/uploads\/2021\/01\/odalys.jpg","type":"image\/jpeg"}],"twitter_card":"summary_large_image","twitter_misc":{"Est. reading time":"1 minute"},"schema":{"@context":"https:\/\/schema.org","@graph":[{"@type":"WebPage","@id":"https:\/\/www.chamonix-hotel.fr\/en\/produit\/odalys-isatis-prestige-residence\/","url":"https:\/\/www.chamonix-hotel.fr\/en\/produit\/odalys-isatis-prestige-residence\/","name":"Residence Odalys Chamonix, hotel odalys SPA Isatis Chamonix","isPartOf":{"@id":"https:\/\/www.chamonix-hotel.fr\/en\/#website"},"primaryImageOfPage":{"@id":"https:\/\/www.chamonix-hotel.fr\/en\/produit\/odalys-isatis-prestige-residence\/#primaryimage"},"image":{"@id":"https:\/\/www.chamonix-hotel.fr\/en\/produit\/odalys-isatis-prestige-residence\/#primaryimage"},"thumbnailUrl":"https:\/\/www.chamonix-hotel.fr\/wp-content\/uploads\/2021\/01\/odalys.jpg","datePublished":"2021-01-06T10:45:26+00:00","dateModified":"2025-11-03T23:33:25+00:00","breadcrumb":{"@id":"https:\/\/www.chamonix-hotel.fr\/en\/produit\/odalys-isatis-prestige-residence\/#breadcrumb"},"inLanguage":"en-US","potentialAction":[{"@type":"ReadAction","target":["https:\/\/www.chamonix-hotel.fr\/en\/produit\/odalys-isatis-prestige-residence\/"]}]},{"@type":"ImageObject","inLanguage":"en-US","@id":"https:\/\/www.chamonix-hotel.fr\/en\/produit\/odalys-isatis-prestige-residence\/#primaryimage","url":"https:\/\/www.chamonix-hotel.fr\/wp-content\/uploads\/2021\/01\/odalys.jpg","contentUrl":"https:\/\/www.chamonix-hotel.fr\/wp-content\/uploads\/2021\/01\/odalys.jpg","width":1024,"height":683,"caption":"Odalys Chamonix"},{"@type":"BreadcrumbList","@id":"https:\/\/www.chamonix-hotel.fr\/en\/produit\/odalys-isatis-prestige-residence\/#breadcrumb","itemListElement":[{"@type":"ListItem","position":1,"name":"Accueil","item":"https:\/\/www.chamonix-hotel.fr\/en\/find-a-hotel-in-chamonix-mont-blanc\/"},{"@type":"ListItem","position":2,"name":"Shop","item":"https:\/\/www.chamonix-hotel.fr\/en\/shop\/"},{"@type":"ListItem","position":3,"name":"Odalys Isatis prestige residence"}]},{"@type":"WebSite","@id":"https:\/\/www.chamonix-hotel.fr\/en\/#website","url":"https:\/\/www.chamonix-hotel.fr\/en\/","name":"Chamonix H\u00f4tel","description":"Dormez face au Mont Blanc","publisher":{"@id":"https:\/\/www.chamonix-hotel.fr\/en\/#organization"},"potentialAction":[{"@type":"SearchAction","target":{"@type":"EntryPoint","urlTemplate":"https:\/\/www.chamonix-hotel.fr\/en\/?s={search_term_string}"},"query-input":{"@type":"PropertyValueSpecification","valueRequired":true,"valueName":"search_term_string"}}],"inLanguage":"en-US"},{"@type":"Organization","@id":"https:\/\/www.chamonix-hotel.fr\/en\/#organization","name":"Chamonix Hotel","url":"https:\/\/www.chamonix-hotel.fr\/en\/","logo":{"@type":"ImageObject","inLanguage":"en-US","@id":"https:\/\/www.chamonix-hotel.fr\/en\/#\/schema\/logo\/image\/","url":"https:\/\/www.chamonix-hotel.fr\/wp-content\/uploads\/2020\/11\/logo2.jpg","contentUrl":"https:\/\/www.chamonix-hotel.fr\/wp-content\/uploads\/2020\/11\/logo2.jpg","width":400,"height":224,"caption":"Chamonix Hotel"},"image":{"@id":"https:\/\/www.chamonix-hotel.fr\/en\/#\/schema\/logo\/image\/"}}]}},"_links":{"self":[{"href":"https:\/\/www.chamonix-hotel.fr\/en\/wp-json\/wp\/v2\/product\/642","targetHints":{"allow":["GET"]}}],"collection":[{"href":"https:\/\/www.chamonix-hotel.fr\/en\/wp-json\/wp\/v2\/product"}],"about":[{"href":"https:\/\/www.chamonix-hotel.fr\/en\/wp-json\/wp\/v2\/types\/product"}],"replies":[{"embeddable":true,"href":"https:\/\/www.chamonix-hotel.fr\/en\/wp-json\/wp\/v2\/comments?post=642"}],"wp:featuredmedia":[{"embeddable":true,"href":"https:\/\/www.chamonix-hotel.fr\/en\/wp-json\/wp\/v2\/media\/503"}],"wp:attachment":[{"href":"https:\/\/www.chamonix-hotel.fr\/en\/wp-json\/wp\/v2\/media?parent=642"}],"wp:term":[{"taxonomy":"product_brand","embeddable":true,"href":"https:\/\/www.chamonix-hotel.fr\/en\/wp-json\/wp\/v2\/product_brand?post=642"},{"taxonomy":"product_cat","embeddable":true,"href":"https:\/\/www.chamonix-hotel.fr\/en\/wp-json\/wp\/v2\/product_cat?post=642"},{"taxonomy":"product_tag","embeddable":true,"href":"https:\/\/www.chamonix-hotel.fr\/en\/wp-json\/wp\/v2\/product_tag?post=642"}],"curies":[{"name":"wp","href":"https:\/\/api.w.org\/{rel}","templated":true}]}}