{"id":612,"date":"2021-02-09T15:11:16","date_gmt":"2021-02-09T15:11:16","guid":{"rendered":"https:\/\/www.chamonix-hotel.fr\/produit\/le-genepy-apparthotel\/"},"modified":"2021-02-09T15:11:16","modified_gmt":"2021-02-09T15:11:16","slug":"le-genepy-apparthotel","status":"publish","type":"product","link":"https:\/\/www.chamonix-hotel.fr\/en\/produit\/le-genepy-apparthotel\/","title":{"rendered":"Le G\u00e9n\u00e9py Appart&#8217;H\u00f4tel"},"content":{"rendered":"<h2><b><i>G\u00e9n\u00e9py apartments  <\/i><\/b><\/h2>\n<p>Le G\u00e9n\u00e9py offers a wide choice of comfortable apartments for your stay. All apartments are well-equipped. You&#8217;ll find everything you need, including a washing machine and an iron! Not to mention a great view. All bed linen and towels are provided by G\u00e9n\u00e9py. The price also includes daily cleaning of your apartment.   <\/p>\n<h2><strong><em> <\/em><\/strong><strong><em>Restaurant \/ Caf\u00e9 le G\u00e9n\u00e9py<\/em><\/strong><\/h2>\n<p>Le G\u00e9n\u00e9py offers a Bed and Breakfast where your breakfasts will be included in your stay at a lower cost. Enjoy the &#8220;Caf\u00e9 de G\u00e9n\u00e9py&#8221; and discover their specialties with pastries and other foodstuffs very well suited to a healthy diet. It is possible to have a cook in your home. The chefs can also prepare a meal of your choice. Meals are delivered and all you have to do is reheat the plates. <\/p>\n<h2><strong><em> <\/em><\/strong><strong><em>Hotel service &#8211; facilities :<\/em><\/strong><\/h2>\n<p>The G\u00e9n\u00e9py Appart offers a warm welcome to all its visitors. The concierge service can take care of any requests you may have during your stay. You can ask the concierge to book a restaurant or arrange delivery of a gift &#8230; Hotel Le G\u00e9n\u00e9py is open every day and ready to welcome you as you deserve.  <\/p>\n<p><strong><em><u>Why choose the Genepy Appart&#8217;H\u00f4tel in Chamonix?  <\/u><\/em><\/strong><\/p>\n<ul>\n<li>Premium location<\/li>\n<li>Modern Scandinavian decor<\/li>\n<li>Excellent view<\/li>\n<li>Customer service<\/li>\n<li>Economical offers<\/li>\n<li>Fully equipped apartment<\/li>\n<\/ul>\n<p>Pets welcome (extra charge) Le G\u00e9n\u00e9py is part of the Mont Blanc Collection group, which also operates the <a href=\"https:\/\/www.chamonix-hotel.fr\/produit\/le-faucigny\/\">Faucigny hotel<\/a> and the <a href=\"https:\/\/www.chamonix-hotel.fr\/produit\/chalet-whymper\/\">Whymper chalet.<\/a><\/p>\n<p>&nbsp;<\/p>\n","protected":false},"excerpt":{"rendered":"<p>For those of you who are fans of mountain walks, the G\u00e9n\u00e9py, located in the heart of legendary Chamonix, offers friendly apartments with a contemporary ambience and a view of Mont Blanc. It welcomes you in a calm, pleasant and luxurious atmosphere to ensure an exceptional stay. <\/p>\n","protected":false},"featured_media":538,"comment_status":"open","ping_status":"closed","template":"","meta":{"site-sidebar-layout":"default","site-content-layout":"default","ast-site-content-layout":"default","site-content-style":"default","site-sidebar-style":"default","ast-global-header-display":"","ast-banner-title-visibility":"","ast-main-header-display":"","ast-hfb-above-header-display":"","ast-hfb-below-header-display":"","ast-hfb-mobile-header-display":"","site-post-title":"","ast-breadcrumbs-content":"","ast-featured-img":"","footer-sml-layout":"","ast-disable-related-posts":"","theme-transparent-header-meta":"default","adv-header-id-meta":"","stick-header-meta":"","header-above-stick-meta":"","header-main-stick-meta":"","header-below-stick-meta":"","astra-migrate-meta-layouts":"default","ast-page-background-enabled":"default","ast-page-background-meta":{"desktop":{"background-color":"var(--ast-global-color-4)","background-image":"","background-repeat":"repeat","background-position":"center center","background-size":"auto","background-attachment":"scroll","background-type":"","background-media":"","overlay-type":"","overlay-color":"","overlay-opacity":"","overlay-gradient":""},"tablet":{"background-color":"","background-image":"","background-repeat":"repeat","background-position":"center center","background-size":"auto","background-attachment":"scroll","background-type":"","background-media":"","overlay-type":"","overlay-color":"","overlay-opacity":"","overlay-gradient":""},"mobile":{"background-color":"","background-image":"","background-repeat":"repeat","background-position":"center center","background-size":"auto","background-attachment":"scroll","background-type":"","background-media":"","overlay-type":"","overlay-color":"","overlay-opacity":"","overlay-gradient":""}},"ast-content-background-meta":{"desktop":{"background-color":"var(--ast-global-color-5)","background-image":"","background-repeat":"repeat","background-position":"center center","background-size":"auto","background-attachment":"scroll","background-type":"","background-media":"","overlay-type":"","overlay-color":"","overlay-opacity":"","overlay-gradient":""},"tablet":{"background-color":"var(--ast-global-color-5)","background-image":"","background-repeat":"repeat","background-position":"center center","background-size":"auto","background-attachment":"scroll","background-type":"","background-media":"","overlay-type":"","overlay-color":"","overlay-opacity":"","overlay-gradient":""},"mobile":{"background-color":"var(--ast-global-color-5)","background-image":"","background-repeat":"repeat","background-position":"center center","background-size":"auto","background-attachment":"scroll","background-type":"","background-media":"","overlay-type":"","overlay-color":"","overlay-opacity":"","overlay-gradient":""}}},"product_brand":[],"product_cat":[67],"product_tag":[],"class_list":{"0":"post-612","1":"product","2":"type-product","3":"status-publish","4":"has-post-thumbnail","6":"product_cat-3-star-hotel","7":"pa_nombre-etoiles-3-stars","8":"pa_nombre-etoiles-hotel-de-charme-en","9":"pa_quartier-chamonix-centre-en","10":"desktop-align-left","11":"tablet-align-left","12":"mobile-align-left","13":"ast-product-gallery-layout-horizontal-slider","14":"ast-product-gallery-with-no-image","15":"ast-product-tabs-layout-horizontal","17":"first","18":"instock","19":"shipping-taxable","20":"product-type-external"},"yoast_head":"<!-- This site is optimized with the Yoast SEO plugin v27.5 - https:\/\/yoast.com\/product\/yoast-seo-wordpress\/ -->\n<title>Genepy Hotel Chamonix, Le G\u00e9n\u00e9py Appart H\u00f4tel Chamonix<\/title>\n<meta name=\"robots\" content=\"index, follow, max-snippet:-1, max-image-preview:large, max-video-preview:-1\" \/>\n<link rel=\"canonical\" href=\"https:\/\/www.chamonix-hotel.fr\/en\/produit\/le-genepy-apparthotel\/\" \/>\n<meta property=\"og:locale\" content=\"en_US\" \/>\n<meta property=\"og:type\" content=\"article\" \/>\n<meta property=\"og:title\" content=\"Genepy Hotel Chamonix, Le G\u00e9n\u00e9py Appart H\u00f4tel Chamonix\" \/>\n<meta property=\"og:description\" content=\"For those of you who are fans of mountain walks, the G\u00e9n\u00e9py, located in the heart of legendary Chamonix, offers friendly apartments with a contemporary ambience and a view of Mont Blanc. It welcomes you in a calm, pleasant and luxurious atmosphere to ensure an exceptional stay.\" \/>\n<meta property=\"og:url\" content=\"https:\/\/www.chamonix-hotel.fr\/en\/produit\/le-genepy-apparthotel\/\" \/>\n<meta property=\"og:site_name\" content=\"Chamonix H\u00f4tel\" \/>\n<meta property=\"og:image\" content=\"https:\/\/www.chamonix-hotel.fr\/wp-content\/uploads\/2021\/02\/Genepy.jpg\" \/>\n\t<meta property=\"og:image:width\" content=\"1012\" \/>\n\t<meta property=\"og:image:height\" content=\"675\" \/>\n\t<meta property=\"og:image:type\" content=\"image\/jpeg\" \/>\n<meta name=\"twitter:card\" content=\"summary_large_image\" \/>\n<meta name=\"twitter:label1\" content=\"Est. reading time\" \/>\n\t<meta name=\"twitter:data1\" content=\"1 minute\" \/>\n<script type=\"application\/ld+json\" class=\"yoast-schema-graph\">{\"@context\":\"https:\\\/\\\/schema.org\",\"@graph\":[{\"@type\":\"WebPage\",\"@id\":\"https:\\\/\\\/www.chamonix-hotel.fr\\\/en\\\/produit\\\/le-genepy-apparthotel\\\/\",\"url\":\"https:\\\/\\\/www.chamonix-hotel.fr\\\/en\\\/produit\\\/le-genepy-apparthotel\\\/\",\"name\":\"Genepy Hotel Chamonix, Le G\u00e9n\u00e9py Appart H\u00f4tel Chamonix\",\"isPartOf\":{\"@id\":\"https:\\\/\\\/www.chamonix-hotel.fr\\\/en\\\/#website\"},\"primaryImageOfPage\":{\"@id\":\"https:\\\/\\\/www.chamonix-hotel.fr\\\/en\\\/produit\\\/le-genepy-apparthotel\\\/#primaryimage\"},\"image\":{\"@id\":\"https:\\\/\\\/www.chamonix-hotel.fr\\\/en\\\/produit\\\/le-genepy-apparthotel\\\/#primaryimage\"},\"thumbnailUrl\":\"https:\\\/\\\/www.chamonix-hotel.fr\\\/wp-content\\\/uploads\\\/2021\\\/02\\\/Genepy.jpg\",\"datePublished\":\"2021-02-09T15:11:16+00:00\",\"breadcrumb\":{\"@id\":\"https:\\\/\\\/www.chamonix-hotel.fr\\\/en\\\/produit\\\/le-genepy-apparthotel\\\/#breadcrumb\"},\"inLanguage\":\"en-US\",\"potentialAction\":[{\"@type\":\"ReadAction\",\"target\":[\"https:\\\/\\\/www.chamonix-hotel.fr\\\/en\\\/produit\\\/le-genepy-apparthotel\\\/\"]}]},{\"@type\":\"ImageObject\",\"inLanguage\":\"en-US\",\"@id\":\"https:\\\/\\\/www.chamonix-hotel.fr\\\/en\\\/produit\\\/le-genepy-apparthotel\\\/#primaryimage\",\"url\":\"https:\\\/\\\/www.chamonix-hotel.fr\\\/wp-content\\\/uploads\\\/2021\\\/02\\\/Genepy.jpg\",\"contentUrl\":\"https:\\\/\\\/www.chamonix-hotel.fr\\\/wp-content\\\/uploads\\\/2021\\\/02\\\/Genepy.jpg\",\"width\":1012,\"height\":675,\"caption\":\"G\u00e9n\u00e9py Chamonix\"},{\"@type\":\"BreadcrumbList\",\"@id\":\"https:\\\/\\\/www.chamonix-hotel.fr\\\/en\\\/produit\\\/le-genepy-apparthotel\\\/#breadcrumb\",\"itemListElement\":[{\"@type\":\"ListItem\",\"position\":1,\"name\":\"Accueil\",\"item\":\"https:\\\/\\\/www.chamonix-hotel.fr\\\/en\\\/find-a-hotel-in-chamonix-mont-blanc\\\/\"},{\"@type\":\"ListItem\",\"position\":2,\"name\":\"Shop\",\"item\":\"https:\\\/\\\/www.chamonix-hotel.fr\\\/en\\\/shop\\\/\"},{\"@type\":\"ListItem\",\"position\":3,\"name\":\"Le G\u00e9n\u00e9py Appart&#8217;H\u00f4tel\"}]},{\"@type\":\"WebSite\",\"@id\":\"https:\\\/\\\/www.chamonix-hotel.fr\\\/en\\\/#website\",\"url\":\"https:\\\/\\\/www.chamonix-hotel.fr\\\/en\\\/\",\"name\":\"Chamonix H\u00f4tel\",\"description\":\"Dormez face au Mont Blanc\",\"publisher\":{\"@id\":\"https:\\\/\\\/www.chamonix-hotel.fr\\\/en\\\/#organization\"},\"potentialAction\":[{\"@type\":\"SearchAction\",\"target\":{\"@type\":\"EntryPoint\",\"urlTemplate\":\"https:\\\/\\\/www.chamonix-hotel.fr\\\/en\\\/?s={search_term_string}\"},\"query-input\":{\"@type\":\"PropertyValueSpecification\",\"valueRequired\":true,\"valueName\":\"search_term_string\"}}],\"inLanguage\":\"en-US\"},{\"@type\":\"Organization\",\"@id\":\"https:\\\/\\\/www.chamonix-hotel.fr\\\/en\\\/#organization\",\"name\":\"Chamonix Hotel\",\"url\":\"https:\\\/\\\/www.chamonix-hotel.fr\\\/en\\\/\",\"logo\":{\"@type\":\"ImageObject\",\"inLanguage\":\"en-US\",\"@id\":\"https:\\\/\\\/www.chamonix-hotel.fr\\\/en\\\/#\\\/schema\\\/logo\\\/image\\\/\",\"url\":\"https:\\\/\\\/www.chamonix-hotel.fr\\\/wp-content\\\/uploads\\\/2020\\\/11\\\/logo2.jpg\",\"contentUrl\":\"https:\\\/\\\/www.chamonix-hotel.fr\\\/wp-content\\\/uploads\\\/2020\\\/11\\\/logo2.jpg\",\"width\":400,\"height\":224,\"caption\":\"Chamonix Hotel\"},\"image\":{\"@id\":\"https:\\\/\\\/www.chamonix-hotel.fr\\\/en\\\/#\\\/schema\\\/logo\\\/image\\\/\"}}]}<\/script>\n<!-- \/ Yoast SEO plugin. -->","yoast_head_json":{"title":"Genepy Hotel Chamonix, Le G\u00e9n\u00e9py Appart H\u00f4tel Chamonix","robots":{"index":"index","follow":"follow","max-snippet":"max-snippet:-1","max-image-preview":"max-image-preview:large","max-video-preview":"max-video-preview:-1"},"canonical":"https:\/\/www.chamonix-hotel.fr\/en\/produit\/le-genepy-apparthotel\/","og_locale":"en_US","og_type":"article","og_title":"Genepy Hotel Chamonix, Le G\u00e9n\u00e9py Appart H\u00f4tel Chamonix","og_description":"For those of you who are fans of mountain walks, the G\u00e9n\u00e9py, located in the heart of legendary Chamonix, offers friendly apartments with a contemporary ambience and a view of Mont Blanc. It welcomes you in a calm, pleasant and luxurious atmosphere to ensure an exceptional stay.","og_url":"https:\/\/www.chamonix-hotel.fr\/en\/produit\/le-genepy-apparthotel\/","og_site_name":"Chamonix H\u00f4tel","og_image":[{"width":1012,"height":675,"url":"https:\/\/www.chamonix-hotel.fr\/wp-content\/uploads\/2021\/02\/Genepy.jpg","type":"image\/jpeg"}],"twitter_card":"summary_large_image","twitter_misc":{"Est. reading time":"1 minute"},"schema":{"@context":"https:\/\/schema.org","@graph":[{"@type":"WebPage","@id":"https:\/\/www.chamonix-hotel.fr\/en\/produit\/le-genepy-apparthotel\/","url":"https:\/\/www.chamonix-hotel.fr\/en\/produit\/le-genepy-apparthotel\/","name":"Genepy Hotel Chamonix, Le G\u00e9n\u00e9py Appart H\u00f4tel Chamonix","isPartOf":{"@id":"https:\/\/www.chamonix-hotel.fr\/en\/#website"},"primaryImageOfPage":{"@id":"https:\/\/www.chamonix-hotel.fr\/en\/produit\/le-genepy-apparthotel\/#primaryimage"},"image":{"@id":"https:\/\/www.chamonix-hotel.fr\/en\/produit\/le-genepy-apparthotel\/#primaryimage"},"thumbnailUrl":"https:\/\/www.chamonix-hotel.fr\/wp-content\/uploads\/2021\/02\/Genepy.jpg","datePublished":"2021-02-09T15:11:16+00:00","breadcrumb":{"@id":"https:\/\/www.chamonix-hotel.fr\/en\/produit\/le-genepy-apparthotel\/#breadcrumb"},"inLanguage":"en-US","potentialAction":[{"@type":"ReadAction","target":["https:\/\/www.chamonix-hotel.fr\/en\/produit\/le-genepy-apparthotel\/"]}]},{"@type":"ImageObject","inLanguage":"en-US","@id":"https:\/\/www.chamonix-hotel.fr\/en\/produit\/le-genepy-apparthotel\/#primaryimage","url":"https:\/\/www.chamonix-hotel.fr\/wp-content\/uploads\/2021\/02\/Genepy.jpg","contentUrl":"https:\/\/www.chamonix-hotel.fr\/wp-content\/uploads\/2021\/02\/Genepy.jpg","width":1012,"height":675,"caption":"G\u00e9n\u00e9py Chamonix"},{"@type":"BreadcrumbList","@id":"https:\/\/www.chamonix-hotel.fr\/en\/produit\/le-genepy-apparthotel\/#breadcrumb","itemListElement":[{"@type":"ListItem","position":1,"name":"Accueil","item":"https:\/\/www.chamonix-hotel.fr\/en\/find-a-hotel-in-chamonix-mont-blanc\/"},{"@type":"ListItem","position":2,"name":"Shop","item":"https:\/\/www.chamonix-hotel.fr\/en\/shop\/"},{"@type":"ListItem","position":3,"name":"Le G\u00e9n\u00e9py Appart&#8217;H\u00f4tel"}]},{"@type":"WebSite","@id":"https:\/\/www.chamonix-hotel.fr\/en\/#website","url":"https:\/\/www.chamonix-hotel.fr\/en\/","name":"Chamonix H\u00f4tel","description":"Dormez face au Mont Blanc","publisher":{"@id":"https:\/\/www.chamonix-hotel.fr\/en\/#organization"},"potentialAction":[{"@type":"SearchAction","target":{"@type":"EntryPoint","urlTemplate":"https:\/\/www.chamonix-hotel.fr\/en\/?s={search_term_string}"},"query-input":{"@type":"PropertyValueSpecification","valueRequired":true,"valueName":"search_term_string"}}],"inLanguage":"en-US"},{"@type":"Organization","@id":"https:\/\/www.chamonix-hotel.fr\/en\/#organization","name":"Chamonix Hotel","url":"https:\/\/www.chamonix-hotel.fr\/en\/","logo":{"@type":"ImageObject","inLanguage":"en-US","@id":"https:\/\/www.chamonix-hotel.fr\/en\/#\/schema\/logo\/image\/","url":"https:\/\/www.chamonix-hotel.fr\/wp-content\/uploads\/2020\/11\/logo2.jpg","contentUrl":"https:\/\/www.chamonix-hotel.fr\/wp-content\/uploads\/2020\/11\/logo2.jpg","width":400,"height":224,"caption":"Chamonix Hotel"},"image":{"@id":"https:\/\/www.chamonix-hotel.fr\/en\/#\/schema\/logo\/image\/"}}]}},"_links":{"self":[{"href":"https:\/\/www.chamonix-hotel.fr\/en\/wp-json\/wp\/v2\/product\/612","targetHints":{"allow":["GET"]}}],"collection":[{"href":"https:\/\/www.chamonix-hotel.fr\/en\/wp-json\/wp\/v2\/product"}],"about":[{"href":"https:\/\/www.chamonix-hotel.fr\/en\/wp-json\/wp\/v2\/types\/product"}],"replies":[{"embeddable":true,"href":"https:\/\/www.chamonix-hotel.fr\/en\/wp-json\/wp\/v2\/comments?post=612"}],"wp:featuredmedia":[{"embeddable":true,"href":"https:\/\/www.chamonix-hotel.fr\/en\/wp-json\/wp\/v2\/media\/538"}],"wp:attachment":[{"href":"https:\/\/www.chamonix-hotel.fr\/en\/wp-json\/wp\/v2\/media?parent=612"}],"wp:term":[{"taxonomy":"product_brand","embeddable":true,"href":"https:\/\/www.chamonix-hotel.fr\/en\/wp-json\/wp\/v2\/product_brand?post=612"},{"taxonomy":"product_cat","embeddable":true,"href":"https:\/\/www.chamonix-hotel.fr\/en\/wp-json\/wp\/v2\/product_cat?post=612"},{"taxonomy":"product_tag","embeddable":true,"href":"https:\/\/www.chamonix-hotel.fr\/en\/wp-json\/wp\/v2\/product_tag?post=612"}],"curies":[{"name":"wp","href":"https:\/\/api.w.org\/{rel}","templated":true}]}}