{"id":611,"date":"2021-02-09T13:54:35","date_gmt":"2021-02-09T13:54:35","guid":{"rendered":"https:\/\/www.chamonix-hotel.fr\/produit\/le-faucigny-hotel-de-charme\/"},"modified":"2021-02-09T13:54:35","modified_gmt":"2021-02-09T13:54:35","slug":"le-faucigny-hotel-de-charme","status":"publish","type":"product","link":"https:\/\/www.chamonix-hotel.fr\/en\/produit\/le-faucigny-hotel-de-charme\/","title":{"rendered":"Le Faucigny h\u00f4tel de Charme"},"content":{"rendered":"<h2><strong><em> <\/em><\/strong><strong><em>Rooms:<\/em><\/strong><\/h2>\n<p>For a comfortable stay, Le Faucigny offers tastefully decorated rooms at attractive prices. It has 27 perfectly pleasant rooms. There are standard double rooms, superior double rooms, triple rooms and family rooms. Each room is equipped with comfortable bedding, plush carpeting, wool lampshades and a view of the Brevent or Mont Blanc.<\/p>\n<h2><strong><em> <\/em><\/strong><strong><em>Hotel services :<\/em><\/strong><\/h2>\n<p>Le Faucigny is managed by a totally open and available staff. They are entirely at your disposal to respond to your every wish. In the basement, an 80 m\u00b2 SPA area awaits you. Relax in the whirlpool bath or sauna. The hotel also offers a range of massages, depending on your needs, to help you relax to the max. You can also take the opportunity to enjoy a few facial and body beauty treatments. <\/p>\n<h2><strong><em><u>Why choose Faucigny in Chamonix?  <\/u><\/em><\/strong><\/h2>\n<ul>\n<li>Discreet, quiet location<\/li>\n<li>4-star facilities such as SPA with Jacuzzi<\/li>\n<li>Beautiful interior design: a blend of modernity, Scandinavian and mountain ambience.<\/li>\n<li>Comfortable rooms<\/li>\n<li>Outdoor terrace with Mont Blanc view<\/li>\n<li>Close to stores and restaurants<\/li>\n<li>Massage services<\/li>\n<li>Aesthetic service<\/li>\n<\/ul>\n<p>The hotel is part of the Mont Blanc Collection group, which also operates <a href=\"https:\/\/www.chamonix-hotel.fr\/produit\/chalet-whymper\/\">Chalet Whymper<\/a> and H\u00f4tel Le G\u00e9n\u00e9py.<\/p>\n","protected":false},"excerpt":{"rendered":"<p>Le Faucigny is a <strong>charming 3-star hotel<\/strong> at the foot of Mont Blanc in the city center. It&#8217;s perfect for shoppers and mountain adventurers alike. Whether you&#8217;re staying with family, colleagues, friends or lovers, and whether you&#8217;re coming for vacation, meetings, business or other reasons, the Faucigny offers unrivalled comfort for an unforgettable stay in Chamonix. With its Scandinavian style and excellent services, this <a href=\"https:\/\/www.chamonix-hotel.fr\/nombre-etoiles\/hotel-de-charme\/\">charming hotel<\/a> guarantees an extraordinary adventure. <\/p>\n","protected":false},"featured_media":537,"comment_status":"open","ping_status":"closed","template":"","meta":{"site-sidebar-layout":"default","site-content-layout":"default","ast-site-content-layout":"default","site-content-style":"default","site-sidebar-style":"default","ast-global-header-display":"","ast-banner-title-visibility":"","ast-main-header-display":"","ast-hfb-above-header-display":"","ast-hfb-below-header-display":"","ast-hfb-mobile-header-display":"","site-post-title":"","ast-breadcrumbs-content":"","ast-featured-img":"","footer-sml-layout":"","ast-disable-related-posts":"","theme-transparent-header-meta":"default","adv-header-id-meta":"","stick-header-meta":"","header-above-stick-meta":"","header-main-stick-meta":"","header-below-stick-meta":"","astra-migrate-meta-layouts":"default","ast-page-background-enabled":"default","ast-page-background-meta":{"desktop":{"background-color":"var(--ast-global-color-4)","background-image":"","background-repeat":"repeat","background-position":"center center","background-size":"auto","background-attachment":"scroll","background-type":"","background-media":"","overlay-type":"","overlay-color":"","overlay-opacity":"","overlay-gradient":""},"tablet":{"background-color":"","background-image":"","background-repeat":"repeat","background-position":"center center","background-size":"auto","background-attachment":"scroll","background-type":"","background-media":"","overlay-type":"","overlay-color":"","overlay-opacity":"","overlay-gradient":""},"mobile":{"background-color":"","background-image":"","background-repeat":"repeat","background-position":"center center","background-size":"auto","background-attachment":"scroll","background-type":"","background-media":"","overlay-type":"","overlay-color":"","overlay-opacity":"","overlay-gradient":""}},"ast-content-background-meta":{"desktop":{"background-color":"var(--ast-global-color-5)","background-image":"","background-repeat":"repeat","background-position":"center center","background-size":"auto","background-attachment":"scroll","background-type":"","background-media":"","overlay-type":"","overlay-color":"","overlay-opacity":"","overlay-gradient":""},"tablet":{"background-color":"var(--ast-global-color-5)","background-image":"","background-repeat":"repeat","background-position":"center center","background-size":"auto","background-attachment":"scroll","background-type":"","background-media":"","overlay-type":"","overlay-color":"","overlay-opacity":"","overlay-gradient":""},"mobile":{"background-color":"var(--ast-global-color-5)","background-image":"","background-repeat":"repeat","background-position":"center center","background-size":"auto","background-attachment":"scroll","background-type":"","background-media":"","overlay-type":"","overlay-color":"","overlay-opacity":"","overlay-gradient":""}}},"product_brand":[],"product_cat":[67],"product_tag":[],"class_list":{"0":"post-611","1":"product","2":"type-product","3":"status-publish","4":"has-post-thumbnail","6":"product_cat-3-star-hotel","7":"desktop-align-left","8":"tablet-align-left","9":"mobile-align-left","10":"ast-product-gallery-layout-horizontal-slider","11":"ast-product-gallery-with-no-image","12":"ast-product-tabs-layout-horizontal","14":"first","15":"instock","16":"shipping-taxable","17":"product-type-external"},"yoast_head":"<!-- This site is optimized with the Yoast SEO plugin v27.5 - https:\/\/yoast.com\/product\/yoast-seo-wordpress\/ -->\n<title>Le Faucigny charming hotel Chamonix<\/title>\n<meta name=\"robots\" content=\"index, follow, max-snippet:-1, max-image-preview:large, max-video-preview:-1\" \/>\n<link rel=\"canonical\" href=\"https:\/\/www.chamonix-hotel.fr\/en\/produit\/le-faucigny-hotel-de-charme\/\" \/>\n<meta property=\"og:locale\" content=\"en_US\" \/>\n<meta property=\"og:type\" content=\"article\" \/>\n<meta property=\"og:title\" content=\"Le Faucigny charming hotel Chamonix\" \/>\n<meta property=\"og:description\" content=\"Le Faucigny is a charming 3-star hotel at the foot of Mont Blanc in the city center. It&#039;s perfect for shoppers and mountain adventurers alike. Whether you&#039;re staying with family, colleagues, friends or lovers, and whether you&#039;re coming for vacation, meetings, business or other reasons, the Faucigny offers unrivalled comfort for an unforgettable stay in Chamonix. With its Scandinavian style and excellent services, this charming hotel guarantees an extraordinary adventure.\" \/>\n<meta property=\"og:url\" content=\"https:\/\/www.chamonix-hotel.fr\/en\/produit\/le-faucigny-hotel-de-charme\/\" \/>\n<meta property=\"og:site_name\" content=\"Chamonix H\u00f4tel\" \/>\n<meta property=\"og:image\" content=\"https:\/\/www.chamonix-hotel.fr\/wp-content\/uploads\/2021\/02\/Faucigny.jpg\" \/>\n\t<meta property=\"og:image:width\" content=\"1017\" \/>\n\t<meta property=\"og:image:height\" content=\"678\" \/>\n\t<meta property=\"og:image:type\" content=\"image\/jpeg\" \/>\n<meta name=\"twitter:card\" content=\"summary_large_image\" \/>\n<meta name=\"twitter:label1\" content=\"Est. reading time\" \/>\n\t<meta name=\"twitter:data1\" content=\"1 minute\" \/>\n<script type=\"application\/ld+json\" class=\"yoast-schema-graph\">{\"@context\":\"https:\\\/\\\/schema.org\",\"@graph\":[{\"@type\":\"WebPage\",\"@id\":\"https:\\\/\\\/www.chamonix-hotel.fr\\\/en\\\/produit\\\/le-faucigny-hotel-de-charme\\\/\",\"url\":\"https:\\\/\\\/www.chamonix-hotel.fr\\\/en\\\/produit\\\/le-faucigny-hotel-de-charme\\\/\",\"name\":\"Le Faucigny charming hotel Chamonix\",\"isPartOf\":{\"@id\":\"https:\\\/\\\/www.chamonix-hotel.fr\\\/en\\\/#website\"},\"primaryImageOfPage\":{\"@id\":\"https:\\\/\\\/www.chamonix-hotel.fr\\\/en\\\/produit\\\/le-faucigny-hotel-de-charme\\\/#primaryimage\"},\"image\":{\"@id\":\"https:\\\/\\\/www.chamonix-hotel.fr\\\/en\\\/produit\\\/le-faucigny-hotel-de-charme\\\/#primaryimage\"},\"thumbnailUrl\":\"https:\\\/\\\/www.chamonix-hotel.fr\\\/wp-content\\\/uploads\\\/2021\\\/02\\\/Faucigny.jpg\",\"datePublished\":\"2021-02-09T13:54:35+00:00\",\"breadcrumb\":{\"@id\":\"https:\\\/\\\/www.chamonix-hotel.fr\\\/en\\\/produit\\\/le-faucigny-hotel-de-charme\\\/#breadcrumb\"},\"inLanguage\":\"en-US\",\"potentialAction\":[{\"@type\":\"ReadAction\",\"target\":[\"https:\\\/\\\/www.chamonix-hotel.fr\\\/en\\\/produit\\\/le-faucigny-hotel-de-charme\\\/\"]}]},{\"@type\":\"ImageObject\",\"inLanguage\":\"en-US\",\"@id\":\"https:\\\/\\\/www.chamonix-hotel.fr\\\/en\\\/produit\\\/le-faucigny-hotel-de-charme\\\/#primaryimage\",\"url\":\"https:\\\/\\\/www.chamonix-hotel.fr\\\/wp-content\\\/uploads\\\/2021\\\/02\\\/Faucigny.jpg\",\"contentUrl\":\"https:\\\/\\\/www.chamonix-hotel.fr\\\/wp-content\\\/uploads\\\/2021\\\/02\\\/Faucigny.jpg\",\"width\":1017,\"height\":678,\"caption\":\"Faucigny Chamonix\"},{\"@type\":\"BreadcrumbList\",\"@id\":\"https:\\\/\\\/www.chamonix-hotel.fr\\\/en\\\/produit\\\/le-faucigny-hotel-de-charme\\\/#breadcrumb\",\"itemListElement\":[{\"@type\":\"ListItem\",\"position\":1,\"name\":\"Accueil\",\"item\":\"https:\\\/\\\/www.chamonix-hotel.fr\\\/en\\\/find-a-hotel-in-chamonix-mont-blanc\\\/\"},{\"@type\":\"ListItem\",\"position\":2,\"name\":\"Shop\",\"item\":\"https:\\\/\\\/www.chamonix-hotel.fr\\\/en\\\/shop\\\/\"},{\"@type\":\"ListItem\",\"position\":3,\"name\":\"Le Faucigny h\u00f4tel de Charme\"}]},{\"@type\":\"WebSite\",\"@id\":\"https:\\\/\\\/www.chamonix-hotel.fr\\\/en\\\/#website\",\"url\":\"https:\\\/\\\/www.chamonix-hotel.fr\\\/en\\\/\",\"name\":\"Chamonix H\u00f4tel\",\"description\":\"Dormez face au Mont Blanc\",\"publisher\":{\"@id\":\"https:\\\/\\\/www.chamonix-hotel.fr\\\/en\\\/#organization\"},\"potentialAction\":[{\"@type\":\"SearchAction\",\"target\":{\"@type\":\"EntryPoint\",\"urlTemplate\":\"https:\\\/\\\/www.chamonix-hotel.fr\\\/en\\\/?s={search_term_string}\"},\"query-input\":{\"@type\":\"PropertyValueSpecification\",\"valueRequired\":true,\"valueName\":\"search_term_string\"}}],\"inLanguage\":\"en-US\"},{\"@type\":\"Organization\",\"@id\":\"https:\\\/\\\/www.chamonix-hotel.fr\\\/en\\\/#organization\",\"name\":\"Chamonix Hotel\",\"url\":\"https:\\\/\\\/www.chamonix-hotel.fr\\\/en\\\/\",\"logo\":{\"@type\":\"ImageObject\",\"inLanguage\":\"en-US\",\"@id\":\"https:\\\/\\\/www.chamonix-hotel.fr\\\/en\\\/#\\\/schema\\\/logo\\\/image\\\/\",\"url\":\"https:\\\/\\\/www.chamonix-hotel.fr\\\/wp-content\\\/uploads\\\/2020\\\/11\\\/logo2.jpg\",\"contentUrl\":\"https:\\\/\\\/www.chamonix-hotel.fr\\\/wp-content\\\/uploads\\\/2020\\\/11\\\/logo2.jpg\",\"width\":400,\"height\":224,\"caption\":\"Chamonix Hotel\"},\"image\":{\"@id\":\"https:\\\/\\\/www.chamonix-hotel.fr\\\/en\\\/#\\\/schema\\\/logo\\\/image\\\/\"}}]}<\/script>\n<!-- \/ Yoast SEO plugin. -->","yoast_head_json":{"title":"Le Faucigny charming hotel Chamonix","robots":{"index":"index","follow":"follow","max-snippet":"max-snippet:-1","max-image-preview":"max-image-preview:large","max-video-preview":"max-video-preview:-1"},"canonical":"https:\/\/www.chamonix-hotel.fr\/en\/produit\/le-faucigny-hotel-de-charme\/","og_locale":"en_US","og_type":"article","og_title":"Le Faucigny charming hotel Chamonix","og_description":"Le Faucigny is a charming 3-star hotel at the foot of Mont Blanc in the city center. It's perfect for shoppers and mountain adventurers alike. Whether you're staying with family, colleagues, friends or lovers, and whether you're coming for vacation, meetings, business or other reasons, the Faucigny offers unrivalled comfort for an unforgettable stay in Chamonix. With its Scandinavian style and excellent services, this charming hotel guarantees an extraordinary adventure.","og_url":"https:\/\/www.chamonix-hotel.fr\/en\/produit\/le-faucigny-hotel-de-charme\/","og_site_name":"Chamonix H\u00f4tel","og_image":[{"width":1017,"height":678,"url":"https:\/\/www.chamonix-hotel.fr\/wp-content\/uploads\/2021\/02\/Faucigny.jpg","type":"image\/jpeg"}],"twitter_card":"summary_large_image","twitter_misc":{"Est. reading time":"1 minute"},"schema":{"@context":"https:\/\/schema.org","@graph":[{"@type":"WebPage","@id":"https:\/\/www.chamonix-hotel.fr\/en\/produit\/le-faucigny-hotel-de-charme\/","url":"https:\/\/www.chamonix-hotel.fr\/en\/produit\/le-faucigny-hotel-de-charme\/","name":"Le Faucigny charming hotel Chamonix","isPartOf":{"@id":"https:\/\/www.chamonix-hotel.fr\/en\/#website"},"primaryImageOfPage":{"@id":"https:\/\/www.chamonix-hotel.fr\/en\/produit\/le-faucigny-hotel-de-charme\/#primaryimage"},"image":{"@id":"https:\/\/www.chamonix-hotel.fr\/en\/produit\/le-faucigny-hotel-de-charme\/#primaryimage"},"thumbnailUrl":"https:\/\/www.chamonix-hotel.fr\/wp-content\/uploads\/2021\/02\/Faucigny.jpg","datePublished":"2021-02-09T13:54:35+00:00","breadcrumb":{"@id":"https:\/\/www.chamonix-hotel.fr\/en\/produit\/le-faucigny-hotel-de-charme\/#breadcrumb"},"inLanguage":"en-US","potentialAction":[{"@type":"ReadAction","target":["https:\/\/www.chamonix-hotel.fr\/en\/produit\/le-faucigny-hotel-de-charme\/"]}]},{"@type":"ImageObject","inLanguage":"en-US","@id":"https:\/\/www.chamonix-hotel.fr\/en\/produit\/le-faucigny-hotel-de-charme\/#primaryimage","url":"https:\/\/www.chamonix-hotel.fr\/wp-content\/uploads\/2021\/02\/Faucigny.jpg","contentUrl":"https:\/\/www.chamonix-hotel.fr\/wp-content\/uploads\/2021\/02\/Faucigny.jpg","width":1017,"height":678,"caption":"Faucigny Chamonix"},{"@type":"BreadcrumbList","@id":"https:\/\/www.chamonix-hotel.fr\/en\/produit\/le-faucigny-hotel-de-charme\/#breadcrumb","itemListElement":[{"@type":"ListItem","position":1,"name":"Accueil","item":"https:\/\/www.chamonix-hotel.fr\/en\/find-a-hotel-in-chamonix-mont-blanc\/"},{"@type":"ListItem","position":2,"name":"Shop","item":"https:\/\/www.chamonix-hotel.fr\/en\/shop\/"},{"@type":"ListItem","position":3,"name":"Le Faucigny h\u00f4tel de Charme"}]},{"@type":"WebSite","@id":"https:\/\/www.chamonix-hotel.fr\/en\/#website","url":"https:\/\/www.chamonix-hotel.fr\/en\/","name":"Chamonix H\u00f4tel","description":"Dormez face au Mont Blanc","publisher":{"@id":"https:\/\/www.chamonix-hotel.fr\/en\/#organization"},"potentialAction":[{"@type":"SearchAction","target":{"@type":"EntryPoint","urlTemplate":"https:\/\/www.chamonix-hotel.fr\/en\/?s={search_term_string}"},"query-input":{"@type":"PropertyValueSpecification","valueRequired":true,"valueName":"search_term_string"}}],"inLanguage":"en-US"},{"@type":"Organization","@id":"https:\/\/www.chamonix-hotel.fr\/en\/#organization","name":"Chamonix Hotel","url":"https:\/\/www.chamonix-hotel.fr\/en\/","logo":{"@type":"ImageObject","inLanguage":"en-US","@id":"https:\/\/www.chamonix-hotel.fr\/en\/#\/schema\/logo\/image\/","url":"https:\/\/www.chamonix-hotel.fr\/wp-content\/uploads\/2020\/11\/logo2.jpg","contentUrl":"https:\/\/www.chamonix-hotel.fr\/wp-content\/uploads\/2020\/11\/logo2.jpg","width":400,"height":224,"caption":"Chamonix Hotel"},"image":{"@id":"https:\/\/www.chamonix-hotel.fr\/en\/#\/schema\/logo\/image\/"}}]}},"_links":{"self":[{"href":"https:\/\/www.chamonix-hotel.fr\/en\/wp-json\/wp\/v2\/product\/611","targetHints":{"allow":["GET"]}}],"collection":[{"href":"https:\/\/www.chamonix-hotel.fr\/en\/wp-json\/wp\/v2\/product"}],"about":[{"href":"https:\/\/www.chamonix-hotel.fr\/en\/wp-json\/wp\/v2\/types\/product"}],"replies":[{"embeddable":true,"href":"https:\/\/www.chamonix-hotel.fr\/en\/wp-json\/wp\/v2\/comments?post=611"}],"wp:featuredmedia":[{"embeddable":true,"href":"https:\/\/www.chamonix-hotel.fr\/en\/wp-json\/wp\/v2\/media\/537"}],"wp:attachment":[{"href":"https:\/\/www.chamonix-hotel.fr\/en\/wp-json\/wp\/v2\/media?parent=611"}],"wp:term":[{"taxonomy":"product_brand","embeddable":true,"href":"https:\/\/www.chamonix-hotel.fr\/en\/wp-json\/wp\/v2\/product_brand?post=611"},{"taxonomy":"product_cat","embeddable":true,"href":"https:\/\/www.chamonix-hotel.fr\/en\/wp-json\/wp\/v2\/product_cat?post=611"},{"taxonomy":"product_tag","embeddable":true,"href":"https:\/\/www.chamonix-hotel.fr\/en\/wp-json\/wp\/v2\/product_tag?post=611"}],"curies":[{"name":"wp","href":"https:\/\/api.w.org\/{rel}","templated":true}]}}